{"id":652,"date":"2021-11-12T09:06:10","date_gmt":"2021-11-12T12:06:10","guid":{"rendered":"https:\/\/www.iopaulista.com.br\/site\/?page_id=652"},"modified":"2024-11-19T14:31:24","modified_gmt":"2024-11-19T17:31:24","slug":"processo-seletivo","status":"publish","type":"page","link":"https:\/\/www.iopaulista.com.br\/site\/processo-seletivo\/","title":{"rendered":"Processo Seletivo"},"content":{"rendered":"<p><div class=\"fusion-fullwidth fullwidth-box fusion-builder-row-1 fusion-flex-container nonhundred-percent-fullwidth non-hundred-percent-height-scrolling\" style=\"background-color: #fcfcfc;background-position: center center;background-repeat: no-repeat;background-blend-mode: soft-light;border-width: 0px 0px 0px 0px;border-color:#e2e2e2;border-style:solid;\" ><div class=\"fusion-builder-row fusion-row fusion-flex-align-items-flex-start\" style=\"max-width:1248px;margin-left: calc(-4% \/ 2 );margin-right: calc(-4% \/ 2 );\"><div class=\"fusion-layout-column fusion_builder_column fusion-builder-column-0 fusion_builder_column_1_2 1_2 fusion-flex-column\"><div class=\"fusion-column-wrapper fusion-flex-justify-content-flex-start fusion-content-layout-column\" style=\"background-position:left top;background-repeat:no-repeat;-webkit-background-size:cover;-moz-background-size:cover;-o-background-size:cover;background-size:cover;padding: 0px 0px 0px 0px;\"><div ><span class=\" fusion-imageframe imageframe-none imageframe-1 hover-type-none\" style=\"border-radius:24px;\"><img decoding=\"async\" width=\"1600\" height=\"1200\" title=\"iop\" src=\"https:\/\/www.iopaulista.com.br\/site\/wp-content\/uploads\/2021\/11\/iop.jpg\" class=\"img-responsive wp-image-716\" srcset=\"https:\/\/www.iopaulista.com.br\/site\/wp-content\/uploads\/2021\/11\/iop-200x150.jpg 200w, https:\/\/www.iopaulista.com.br\/site\/wp-content\/uploads\/2021\/11\/iop-400x300.jpg 400w, https:\/\/www.iopaulista.com.br\/site\/wp-content\/uploads\/2021\/11\/iop-600x450.jpg 600w, https:\/\/www.iopaulista.com.br\/site\/wp-content\/uploads\/2021\/11\/iop-800x600.jpg 800w, https:\/\/www.iopaulista.com.br\/site\/wp-content\/uploads\/2021\/11\/iop-1200x900.jpg 1200w, https:\/\/www.iopaulista.com.br\/site\/wp-content\/uploads\/2021\/11\/iop.jpg 1600w\" sizes=\"(max-width: 640px) 100vw, 600px\" \/><\/span><\/div><\/div><style type=\"text\/css\">.fusion-body .fusion-builder-column-0{width:50% !important;margin-top : 0px;margin-bottom : 20px;}.fusion-builder-column-0 > .fusion-column-wrapper {padding-top : 0px !important;padding-right : 0px !important;margin-right : 3.84%;padding-bottom : 0px !important;padding-left : 0px !important;margin-left : 3.84%;}@media only screen and (max-width:1024px) {.fusion-body .fusion-builder-column-0{width:50% !important;order : 0;}.fusion-builder-column-0 > .fusion-column-wrapper {margin-right : 3.84%;margin-left : 3.84%;}}@media only screen and (max-width:640px) {.fusion-body .fusion-builder-column-0{width:100% !important;order : 0;}.fusion-builder-column-0 > .fusion-column-wrapper {margin-right : 1.92%;margin-left : 1.92%;}}<\/style><\/div><div class=\"fusion-layout-column fusion_builder_column fusion-builder-column-1 fusion_builder_column_1_2 1_2 fusion-flex-column fusion-animated\" data-animationType=\"slideInLeft\" data-animationDuration=\"0.3\" data-animationOffset=\"100%\"><div class=\"fusion-column-wrapper fusion-flex-justify-content-flex-start fusion-content-layout-column\" style=\"background-position:left top;background-repeat:no-repeat;-webkit-background-size:cover;-moz-background-size:cover;-o-background-size:cover;background-size:cover;border-radius:25px 50px 25px 50px;background-color:rgba(247,247,247,0.87);border-radius:25px 50px 25px 50px;overflow:hidden;padding: 24px 50px 50px 24px;\"><div class=\"fusion-text fusion-text-1\"><h2><strong>FELLOSHIP<br \/>\nProcesso Seletivo 2025<\/strong>.<\/h2>\n<h3><strong>Segmento Anterior 10 Vagas.<\/strong><\/h3>\n<h4>(Dura\u00e7\u00e3o de 1 ano)<\/h4>\n<h3><strong>Treinamento cl\u00ednico e cir\u00fargico completo em:<\/strong><\/h3>\n<ul>\n<li><strong>Catarata<\/strong><\/li>\n<li><strong>C\u00f3rnea<\/strong><\/li>\n<li><strong>Cirurgia Refrativa<\/strong><\/li>\n<li><strong>Retina Cir\u00fargica 2 Vagas<\/strong><\/li>\n<\/ul>\n<div><b>&#8211; Programa n\u00e3o remunerado<\/b><\/div>\n<div><b>&#8211; 1 dia por semana livre para atividades remuneradas no IOP ou externo<\/b><\/div>\n<\/div><\/div><style type=\"text\/css\">.fusion-body .fusion-builder-column-1{width:50% !important;margin-top : 0px;margin-bottom : 20px;}.fusion-builder-column-1 > .fusion-column-wrapper {padding-top : 24px !important;padding-right : 50px !important;margin-right : 3.84%;padding-bottom : 50px !important;padding-left : 24px !important;margin-left : 3.84%;}@media only screen and (max-width:1024px) {.fusion-body .fusion-builder-column-1{width:50% !important;order : 0;}.fusion-builder-column-1 > .fusion-column-wrapper {margin-right : 3.84%;margin-left : 3.84%;}}@media only screen and (max-width:640px) {.fusion-body .fusion-builder-column-1{width:100% !important;order : 0;}.fusion-builder-column-1 > .fusion-column-wrapper {margin-right : 1.92%;margin-left : 1.92%;}}<\/style><\/div><\/div><style type=\"text\/css\">.fusion-body .fusion-flex-container.fusion-builder-row-1{ padding-top : 0px;margin-top : 24px;padding-right : 0px;padding-bottom : 0px;margin-bottom : 0px;padding-left : 0px;}<\/style><\/div><div class=\"fusion-fullwidth fullwidth-box fusion-builder-row-2 fusion-flex-container nonhundred-percent-fullwidth non-hundred-percent-height-scrolling\" style=\"background-color: rgba(226,226,226,0.87);background-position: center center;background-repeat: no-repeat;border-width: 0px 0px 0px 0px;border-color:#e2e2e2;border-style:solid;\" ><div class=\"fusion-builder-row fusion-row fusion-flex-align-items-flex-start\" style=\"max-width:1248px;margin-left: calc(-4% \/ 2 );margin-right: calc(-4% \/ 2 );\"><div class=\"fusion-layout-column fusion_builder_column fusion-builder-column-2 fusion_builder_column_1_2 1_2 fusion-flex-column\"><div class=\"fusion-column-wrapper fusion-flex-justify-content-flex-start fusion-content-layout-column\" style=\"background-position:left top;background-repeat:no-repeat;-webkit-background-size:cover;-moz-background-size:cover;-o-background-size:cover;background-size:cover;padding: 0px 0px 0px 0px;\"><div class=\"fusion-text fusion-text-2\"><h1><strong>Per\u00edodo de inscri\u00e7\u00f5es:\u00a0<\/strong><\/h1>\n<h3><b>Contatos e D\u00favidas (Whatsapp) <a href=\"https:\/\/api.whatsapp.com\/send?phone=5511993100692&amp;text=Tenho d\u00favidas sobre o FELLOWSHIP. Pode me ajudar?\">11-99310-0692<\/a>\u00a0<\/b><\/h3>\n<h2><strong>18\/11\/2024<\/strong> \u00e0 <strong>13\/01\/2025<\/strong>, na Alameda Casa Branca, 35 &#8211; Para\u00edso &#8211; S\u00e3o Paulo &#8211; SP, no hor\u00e1rio das 08:00 \u00e0s 18:00 horas.<\/h2>\n<h2><strong>Poder\u00e3o inscrever-se m\u00e9dicos oftalmologistas formados em todo Brasil, por Faculdades Reconhecidas pelo Minist\u00e9rio da Educa\u00e7\u00e3o e que tenham conclu\u00eddo\u00a0a resid\u00eancia\u00a0M\u00e9dica em Oftalmologia.<\/strong><\/h2>\n<\/div><\/div><style type=\"text\/css\">.fusion-body .fusion-builder-column-2{width:50% !important;margin-top : 0px;margin-bottom : 20px;}.fusion-builder-column-2 > .fusion-column-wrapper {padding-top : 0px !important;padding-right : 0px !important;margin-right : 3.84%;padding-bottom : 0px !important;padding-left : 0px !important;margin-left : 3.84%;}@media only screen and (max-width:1024px) {.fusion-body .fusion-builder-column-2{width:50% !important;order : 0;}.fusion-builder-column-2 > .fusion-column-wrapper {margin-right : 3.84%;margin-left : 3.84%;}}@media only screen and (max-width:640px) {.fusion-body .fusion-builder-column-2{width:100% !important;order : 0;}.fusion-builder-column-2 > .fusion-column-wrapper {margin-right : 1.92%;margin-left : 1.92%;}}<\/style><\/div><div class=\"fusion-layout-column fusion_builder_column fusion-builder-column-3 fusion_builder_column_1_2 1_2 fusion-flex-column\"><div class=\"fusion-column-wrapper fusion-flex-justify-content-flex-start fusion-content-layout-column\" style=\"background-position:left top;background-repeat:no-repeat;-webkit-background-size:cover;-moz-background-size:cover;-o-background-size:cover;background-size:cover;padding: 0px 0px 0px 0px;\"><style type=\"text\/css\">#accordion-652-1 .fusion-panel:hover, #accordion-652-1 .fusion-panel.hover{ background-color: #f9f9fb } #accordion-652-1 .fusion-panel { border-color:#e2e2e2; border-width:2px; background-color:#ffffff; }.fusion-accordian  #accordion-652-1 .panel-title a .fa-fusion-box{ color: #ffffff;}.fusion-accordian  #accordion-652-1 .panel-title a .fa-fusion-box:before{ font-size: 16px; width: 16px;}.fusion-accordian  #accordion-652-1.fusion-toggle-icon-right .fusion-toggle-heading{ margin-right: 34px;}.fusion-accordian  #accordion-652-1 .panel-title a{font-size:20px;}.fusion-accordian  #accordion-652-1 .fa-fusion-box { background-color: #212934;border-color: #212934;}.fusion-accordian  #accordion-652-1 .panel-title a:hover, #accordion-652-1 .fusion-toggle-boxed-mode:hover .panel-title a { color: #1a80b6;}.fusion-accordian  #accordion-652-1 .panel-title .active .fa-fusion-box,.fusion-accordian  #accordion-652-1 .panel-title a:hover .fa-fusion-box { background-color: #1a80b6!important;border-color: #1a80b6!important;}<\/style><div class=\"accordian fusion-accordian\"><div class=\"panel-group fusion-toggle-icon-right\" id=\"accordion-652-1\"><div class=\"fusion-panel panel-default fusion-toggle-no-divider fusion-toggle-boxed-mode\"><div class=\"panel-heading\"><h4 class=\"panel-title toggle\"><a aria-expanded=\"false\" aria-controls=\"6f2bc96638f7b4f58\" role=\"button\" data-toggle=\"collapse\" data-parent=\"#accordion-652-1\" data-target=\"#6f2bc96638f7b4f58\" href=\"#6f2bc96638f7b4f58\"><span class=\"fusion-toggle-icon-wrapper\" aria-hidden=\"true\"><i class=\"fa-fusion-box\" aria-hidden=\"true\"><\/i><\/span><span class=\"fusion-toggle-heading\">INSCRI\u00c7\u00c3O<\/span><\/a><\/h4><\/div><div id=\"6f2bc96638f7b4f58\" class=\"panel-collapse collapse \"><div class=\"panel-body toggle-content fusion-clearfix\">\n<p>As inscri\u00e7\u00f5es devem ser feitas:<\/p>\n<p><strong>Por e-mail:<br \/><a href=\"mailto:centrooftalmologicopaulista@gmail.com\">centrooftalmologicopaulista@gmail.com<\/a><br \/><\/strong><\/p>\n<p><strong style=\"color: var(--body_typography-color); font-family: var(--body_typography-font-family); font-size: var(--body_typography-font-size); font-style: var(--body_typography-font-style,normal); letter-spacing: var(--body_typography-letter-spacing);\"><em>EDITAL DO FELLOW<\/em><\/strong><\/p>\n<p><em>* Enviar comprovante de pagamento da taxa de inscri\u00e7\u00e3o<\/em><\/p>\n<p><u>TAXA DE INSCRI\u00c7\u00c3O<\/u><\/p>\n<p>Dever\u00e1 ser realizado dep\u00f3sito banc\u00e1rio, TED, DOC ou transfer\u00eancia:<\/p>\n\n<div class=\"table-1\">\n<table width=\"100%\">\n<thead><\/thead>\n<tbody>\n<tr>\n<td align=\"left\"><strong>Favorecido:<\/strong><\/td>\n<td align=\"left\">Instituto M\u00e9dico Paulista<\/td>\n<\/tr>\n<tr>\n<td align=\"left\"><strong>CNPJ:<\/strong><\/td>\n<td align=\"left\">51749765000160<\/td>\n<\/tr>\n<tr>\n<td align=\"left\"><strong>Banco:<\/strong><\/td>\n<td align=\"left\">Santander<\/td>\n<\/tr>\n<tr>\n<td align=\"left\"><strong>Ag\u00eancia:<\/strong><\/td>\n<td align=\"left\">3409<\/td>\n<\/tr>\n<tr>\n<td align=\"left\"><strong>Conta corrente:<\/strong><\/td>\n<td align=\"left\">13.013067-7<\/td>\n<\/tr>\n<tr>\n<td align=\"left\"><strong>Chave Pix (CNPJ):<\/strong><\/td>\n<td align=\"left\">51.749.765\/0001-60<\/td>\n<\/tr>\n<tr>\n<td align=\"left\"><strong>Taxa inscri\u00e7\u00e3o:<\/strong><\/td>\n<td align=\"left\">R$ 500,00 (quinhentos reais)<\/td>\n<\/tr>\n<\/tbody>\n<\/table>\n<\/div>\n\n<p>Enviar anexado os seguintes documentos:<\/p>\n<p>&#8211; Duas fotos 3&#215;4 recentes<\/p>\n<p>&#8211; Xerox simples: R.G., C.P.F, Diploma ou Certificado de Conclus\u00e3o do Curso de Medicina.<\/p>\n<p>&#8211; Certificado ou comprovante de conclus\u00e3o em 2022 de Resid\u00eancia e\/ou Estagio em Oftalmologia, com no m\u00ednimo 3 anos de dura\u00e7\u00e3o.<\/p>\n<ul>\n<li>&#8211; CRM<\/li>\n<li>&#8211; Curr\u00edculo Lattes resumido<\/li>\n<li>&#8211; M\u00e9dia de cirurgias realizadas durante a resid\u00eancia.<\/li>\n<\/ul>\n<p>&#8211; Comprovante de pagamento da taxa de inscri\u00e7\u00e3o<\/p>\n<\/div><\/div><\/div><div class=\"fusion-panel panel-default fusion-toggle-no-divider fusion-toggle-boxed-mode\"><div class=\"panel-heading\"><h4 class=\"panel-title toggle\"><a aria-expanded=\"false\" aria-controls=\"40655a8762b826f38\" role=\"button\" data-toggle=\"collapse\" data-parent=\"#accordion-652-1\" data-target=\"#40655a8762b826f38\" href=\"#40655a8762b826f38\"><span class=\"fusion-toggle-icon-wrapper\" aria-hidden=\"true\"><i class=\"fa-fusion-box\" aria-hidden=\"true\"><\/i><\/span><span class=\"fusion-toggle-heading\">SELE\u00c7\u00c3O DOS CANDIDATOS<\/span><\/a><\/h4><\/div><div id=\"40655a8762b826f38\" class=\"panel-collapse collapse \"><div class=\"panel-body toggle-content fusion-clearfix\">\n<p><strong><u>1\u00aa FASE:<\/u><\/strong><br \/>\n<strong>ENTREVISTA \u2013 dias 23\/01\/2025 (Quinta-Feira) das 18:00 \u00e0s 22:00h.<br \/>\nEntrevista ON-LINE<\/strong><\/p>\n<p>Entrevista aos candidatos a crit\u00e9rio da comiss\u00e3o.<\/p>\n<p><strong><u>2a FASE:<\/u><\/strong><br \/>\n<strong>PROVA PR\u00c1TICA:\u00a0 dia 30\/01\/2025 (Quinta-Feira) \u00e0s 18h<\/strong><br \/>\nProva presencial de Habilidades cir\u00fargicas<br \/>\nLocal: IOP &#8211; Av. Paulista, 1499<\/p>\n<\/div><\/div><\/div><div class=\"fusion-panel panel-default fusion-toggle-no-divider fusion-toggle-boxed-mode\"><div class=\"panel-heading\"><h4 class=\"panel-title toggle\"><a aria-expanded=\"false\" aria-controls=\"4d9790db73f2e8687\" role=\"button\" data-toggle=\"collapse\" data-parent=\"#accordion-652-1\" data-target=\"#4d9790db73f2e8687\" href=\"#4d9790db73f2e8687\"><span class=\"fusion-toggle-icon-wrapper\" aria-hidden=\"true\"><i class=\"fa-fusion-box\" aria-hidden=\"true\"><\/i><\/span><span class=\"fusion-toggle-heading\">RESULTADO<\/span><\/a><\/h4><\/div><div id=\"4d9790db73f2e8687\" class=\"panel-collapse collapse \"><div class=\"panel-body toggle-content fusion-clearfix\">\n<div>\n<div>O resultado da primeira fase ser\u00e1 divulgado no dia <b><span style=\"font-size: large;\">25\/Jan\/25<\/span><\/b><\/div>\n<div>O resultado da segunda fase ser\u00e1 divulgado no dia\u00a0<span style=\"font-size: large;\"><b>3\/fev\/25<\/b><\/span><\/div>\n<\/div>\n<p>N\u00e3o haver\u00e1 revis\u00e3o de nota.<br \/>N\u00e3o ser\u00e1 fornecida qualquer informa\u00e7\u00e3o adicional por telefone ou e-mail.<br \/>Ap\u00f3s 24 (vinte e quatro) horas sem a inten\u00e7\u00e3o formal do candidato pela vaga ser\u00e1 chamado o candidato sequente.<\/p>\n<\/div><\/div><\/div><div class=\"fusion-panel panel-default fusion-toggle-no-divider fusion-toggle-boxed-mode\"><div class=\"panel-heading\"><h4 class=\"panel-title toggle\"><a aria-expanded=\"false\" aria-controls=\"77a22e6877847b4bf\" role=\"button\" data-toggle=\"collapse\" data-parent=\"#accordion-652-1\" data-target=\"#77a22e6877847b4bf\" href=\"#77a22e6877847b4bf\"><span class=\"fusion-toggle-icon-wrapper\" aria-hidden=\"true\"><i class=\"fa-fusion-box\" aria-hidden=\"true\"><\/i><\/span><span class=\"fusion-toggle-heading\">DOCUMENTOS PARA MATR\u00cdCULA<\/span><\/a><\/h4><\/div><div id=\"77a22e6877847b4bf\" class=\"panel-collapse collapse \"><div class=\"panel-body toggle-content fusion-clearfix\">\n<ul>\n<li>1 c\u00f3pia autenticada do Diploma de Gradua\u00e7\u00e3o;<\/li>\n<li>Certid\u00e3o \u00c9tico-Profissional;<\/li>\n<li>Certid\u00e3o de Quita\u00e7\u00e3o;<\/li>\n<li>Comprovante de Anuidade do CRM;<\/li>\n<li>2 fotos 3\u00d74;<\/li>\n<li>1 c\u00f3pia simples do t\u00edtulo de eleitor;<\/li>\n<li>1 c\u00f3pia simples do comprovante de endere\u00e7o;<\/li>\n<li>Comprovante de conclus\u00e3o da resid\u00eancia m\u00e9dica em Oftalmologia<\/li>\n<\/ul>\n<\/div><\/div><\/div><div class=\"fusion-panel panel-default fusion-toggle-no-divider fusion-toggle-boxed-mode\"><div class=\"panel-heading\"><h4 class=\"panel-title toggle\"><a aria-expanded=\"false\" aria-controls=\"4fe9bb1a8ee04c30c\" role=\"button\" data-toggle=\"collapse\" data-parent=\"#accordion-652-1\" data-target=\"#4fe9bb1a8ee04c30c\" href=\"#4fe9bb1a8ee04c30c\"><span class=\"fusion-toggle-icon-wrapper\" aria-hidden=\"true\"><i class=\"fa-fusion-box\" aria-hidden=\"true\"><\/i><\/span><span class=\"fusion-toggle-heading\">IN\u00cdCIO DO FELLOWSHIP<\/span><\/a><\/h4><\/div><div id=\"4fe9bb1a8ee04c30c\" class=\"panel-collapse collapse \"><div class=\"panel-body toggle-content fusion-clearfix\">\n<p>06\/03\/2025<\/p>\n<\/div><\/div><\/div><\/div><\/div><\/div><style type=\"text\/css\">.fusion-body .fusion-builder-column-3{width:50% !important;margin-top : 0px;margin-bottom : 20px;}.fusion-builder-column-3 > .fusion-column-wrapper {padding-top : 0px !important;padding-right : 0px !important;margin-right : 3.84%;padding-bottom : 0px !important;padding-left : 0px !important;margin-left : 3.84%;}@media only screen and (max-width:1024px) {.fusion-body .fusion-builder-column-3{width:50% !important;order : 0;}.fusion-builder-column-3 > .fusion-column-wrapper {margin-right : 3.84%;margin-left : 3.84%;}}@media only screen and (max-width:640px) {.fusion-body .fusion-builder-column-3{width:100% !important;order : 0;}.fusion-builder-column-3 > .fusion-column-wrapper {margin-right : 1.92%;margin-left : 1.92%;}}<\/style><\/div><\/div><style type=\"text\/css\">.fusion-body .fusion-flex-container.fusion-builder-row-2{ padding-top : 40px;margin-top : 20px;padding-right : 0px;padding-bottom : 40px;margin-bottom : 0px;padding-left : 0px;}<\/style><\/div><\/p>\n","protected":false},"excerpt":{"rendered":"","protected":false},"author":3,"featured_media":0,"parent":0,"menu_order":0,"comment_status":"closed","ping_status":"closed","template":"100-width.php","meta":{"_joinchat":[],"footnotes":""},"class_list":["post-652","page","type-page","status-publish","hentry"],"yoast_head":"<!-- This site is optimized with the Yoast SEO plugin v23.9 - https:\/\/yoast.com\/wordpress\/plugins\/seo\/ -->\n<title>Processo Seletivo - IOP - Instituto Oftalmol\u00f3gico Paulista<\/title>\n<meta name=\"robots\" content=\"index, follow, max-snippet:-1, max-image-preview:large, max-video-preview:-1\" \/>\n<link rel=\"canonical\" href=\"https:\/\/www.iopaulista.com.br\/site\/processo-seletivo\/\" \/>\n<meta property=\"og:locale\" content=\"pt_BR\" \/>\n<meta property=\"og:type\" content=\"article\" \/>\n<meta property=\"og:title\" content=\"Processo Seletivo - IOP - Instituto Oftalmol\u00f3gico Paulista\" \/>\n<meta property=\"og:url\" content=\"https:\/\/www.iopaulista.com.br\/site\/processo-seletivo\/\" \/>\n<meta property=\"og:site_name\" content=\"IOP - Instituto Oftalmol\u00f3gico Paulista\" \/>\n<meta property=\"article:modified_time\" content=\"2024-11-19T17:31:24+00:00\" \/>\n<meta name=\"twitter:card\" content=\"summary_large_image\" \/>\n<meta name=\"twitter:label1\" content=\"Est. tempo de leitura\" \/>\n\t<meta name=\"twitter:data1\" content=\"6 minutos\" \/>\n<script type=\"application\/ld+json\" class=\"yoast-schema-graph\">{\"@context\":\"https:\/\/schema.org\",\"@graph\":[{\"@type\":\"WebPage\",\"@id\":\"https:\/\/www.iopaulista.com.br\/site\/processo-seletivo\/\",\"url\":\"https:\/\/www.iopaulista.com.br\/site\/processo-seletivo\/\",\"name\":\"Processo Seletivo - IOP - Instituto Oftalmol\u00f3gico Paulista\",\"isPartOf\":{\"@id\":\"https:\/\/www.iopaulista.com.br\/site\/#website\"},\"datePublished\":\"2021-11-12T12:06:10+00:00\",\"dateModified\":\"2024-11-19T17:31:24+00:00\",\"breadcrumb\":{\"@id\":\"https:\/\/www.iopaulista.com.br\/site\/processo-seletivo\/#breadcrumb\"},\"inLanguage\":\"pt-BR\",\"potentialAction\":[{\"@type\":\"ReadAction\",\"target\":[\"https:\/\/www.iopaulista.com.br\/site\/processo-seletivo\/\"]}]},{\"@type\":\"BreadcrumbList\",\"@id\":\"https:\/\/www.iopaulista.com.br\/site\/processo-seletivo\/#breadcrumb\",\"itemListElement\":[{\"@type\":\"ListItem\",\"position\":1,\"name\":\"In\u00edcio\",\"item\":\"https:\/\/www.iopaulista.com.br\/site\/\"},{\"@type\":\"ListItem\",\"position\":2,\"name\":\"Processo Seletivo\"}]},{\"@type\":\"WebSite\",\"@id\":\"https:\/\/www.iopaulista.com.br\/site\/#website\",\"url\":\"https:\/\/www.iopaulista.com.br\/site\/\",\"name\":\"IOP - Instituto Oftalmol\u00f3gico Paulista\",\"description\":\"Centro Oftalmol\u00f3gico Especializado.\",\"potentialAction\":[{\"@type\":\"SearchAction\",\"target\":{\"@type\":\"EntryPoint\",\"urlTemplate\":\"https:\/\/www.iopaulista.com.br\/site\/?s={search_term_string}\"},\"query-input\":{\"@type\":\"PropertyValueSpecification\",\"valueRequired\":true,\"valueName\":\"search_term_string\"}}],\"inLanguage\":\"pt-BR\"}]}<\/script>\n<!-- \/ Yoast SEO plugin. -->","yoast_head_json":{"title":"Processo Seletivo - IOP - Instituto Oftalmol\u00f3gico Paulista","robots":{"index":"index","follow":"follow","max-snippet":"max-snippet:-1","max-image-preview":"max-image-preview:large","max-video-preview":"max-video-preview:-1"},"canonical":"https:\/\/www.iopaulista.com.br\/site\/processo-seletivo\/","og_locale":"pt_BR","og_type":"article","og_title":"Processo Seletivo - IOP - Instituto Oftalmol\u00f3gico Paulista","og_url":"https:\/\/www.iopaulista.com.br\/site\/processo-seletivo\/","og_site_name":"IOP - Instituto Oftalmol\u00f3gico Paulista","article_modified_time":"2024-11-19T17:31:24+00:00","twitter_card":"summary_large_image","twitter_misc":{"Est. tempo de leitura":"6 minutos"},"schema":{"@context":"https:\/\/schema.org","@graph":[{"@type":"WebPage","@id":"https:\/\/www.iopaulista.com.br\/site\/processo-seletivo\/","url":"https:\/\/www.iopaulista.com.br\/site\/processo-seletivo\/","name":"Processo Seletivo - IOP - Instituto Oftalmol\u00f3gico Paulista","isPartOf":{"@id":"https:\/\/www.iopaulista.com.br\/site\/#website"},"datePublished":"2021-11-12T12:06:10+00:00","dateModified":"2024-11-19T17:31:24+00:00","breadcrumb":{"@id":"https:\/\/www.iopaulista.com.br\/site\/processo-seletivo\/#breadcrumb"},"inLanguage":"pt-BR","potentialAction":[{"@type":"ReadAction","target":["https:\/\/www.iopaulista.com.br\/site\/processo-seletivo\/"]}]},{"@type":"BreadcrumbList","@id":"https:\/\/www.iopaulista.com.br\/site\/processo-seletivo\/#breadcrumb","itemListElement":[{"@type":"ListItem","position":1,"name":"In\u00edcio","item":"https:\/\/www.iopaulista.com.br\/site\/"},{"@type":"ListItem","position":2,"name":"Processo Seletivo"}]},{"@type":"WebSite","@id":"https:\/\/www.iopaulista.com.br\/site\/#website","url":"https:\/\/www.iopaulista.com.br\/site\/","name":"IOP - Instituto Oftalmol\u00f3gico Paulista","description":"Centro Oftalmol\u00f3gico Especializado.","potentialAction":[{"@type":"SearchAction","target":{"@type":"EntryPoint","urlTemplate":"https:\/\/www.iopaulista.com.br\/site\/?s={search_term_string}"},"query-input":{"@type":"PropertyValueSpecification","valueRequired":true,"valueName":"search_term_string"}}],"inLanguage":"pt-BR"}]}},"_links":{"self":[{"href":"https:\/\/www.iopaulista.com.br\/site\/wp-json\/wp\/v2\/pages\/652","targetHints":{"allow":["GET"]}}],"collection":[{"href":"https:\/\/www.iopaulista.com.br\/site\/wp-json\/wp\/v2\/pages"}],"about":[{"href":"https:\/\/www.iopaulista.com.br\/site\/wp-json\/wp\/v2\/types\/page"}],"author":[{"embeddable":true,"href":"https:\/\/www.iopaulista.com.br\/site\/wp-json\/wp\/v2\/users\/3"}],"replies":[{"embeddable":true,"href":"https:\/\/www.iopaulista.com.br\/site\/wp-json\/wp\/v2\/comments?post=652"}],"version-history":[{"count":84,"href":"https:\/\/www.iopaulista.com.br\/site\/wp-json\/wp\/v2\/pages\/652\/revisions"}],"predecessor-version":[{"id":757,"href":"https:\/\/www.iopaulista.com.br\/site\/wp-json\/wp\/v2\/pages\/652\/revisions\/757"}],"wp:attachment":[{"href":"https:\/\/www.iopaulista.com.br\/site\/wp-json\/wp\/v2\/media?parent=652"}],"curies":[{"name":"wp","href":"https:\/\/api.w.org\/{rel}","templated":true}]}}